{"id":271,"date":"2022-11-09T02:11:06","date_gmt":"2022-11-09T07:11:06","guid":{"rendered":"https:\/\/fundacion-mares-2c1b05.ingress-earth.ewp.live\/?page_id=271"},"modified":"2023-05-11T11:58:32","modified_gmt":"2023-05-11T16:58:32","slug":"noticias","status":"publish","type":"page","link":"https:\/\/fundacionmares.org\/fundacionmares\/noticias\/","title":{"rendered":"Noticias"},"content":{"rendered":"\t\t<div data-elementor-type=\"wp-page\" data-elementor-id=\"271\" class=\"elementor elementor-271\">\n\t\t\t\t\t\t\t\t\t<section class=\"elementor-section elementor-top-section elementor-element elementor-element-72824301 elementor-section-boxed elementor-section-height-default elementor-section-height-default\" data-id=\"72824301\" data-element_type=\"section\" data-settings=\"{&quot;background_background&quot;:&quot;classic&quot;}\">\n\t\t\t\t\t\t<div class=\"elementor-container elementor-column-gap-default\">\n\t\t\t\t\t<div class=\"elementor-column elementor-col-50 elementor-top-column elementor-element elementor-element-201f08fb\" data-id=\"201f08fb\" data-element_type=\"column\">\n\t\t\t<div class=\"elementor-widget-wrap elementor-element-populated\">\n\t\t\t\t\t\t\t\t<div class=\"elementor-element elementor-element-76c83c01 elementor-widget elementor-widget-heading\" data-id=\"76c83c01\" data-element_type=\"widget\" data-widget_type=\"heading.default\">\n\t\t\t\t<div class=\"elementor-widget-container\">\n\t\t\t<style>\/*! elementor - v3.7.4 - 31-08-2022 *\/\n.elementor-heading-title{padding:0;margin:0;line-height:1}.elementor-widget-heading .elementor-heading-title[class*=elementor-size-]>a{color:inherit;font-size:inherit;line-height:inherit}.elementor-widget-heading .elementor-heading-title.elementor-size-small{font-size:15px}.elementor-widget-heading .elementor-heading-title.elementor-size-medium{font-size:19px}.elementor-widget-heading .elementor-heading-title.elementor-size-large{font-size:29px}.elementor-widget-heading .elementor-heading-title.elementor-size-xl{font-size:39px}.elementor-widget-heading .elementor-heading-title.elementor-size-xxl{font-size:59px}<\/style><h2 class=\"elementor-heading-title elementor-size-default\">\u00daltimas noticias, est\u00e1 siempre al d\u00eda con lo que sucede.<\/h2>\t\t<\/div>\n\t\t\t\t<\/div>\n\t\t\t\t\t<\/div>\n\t\t<\/div>\n\t\t\t\t<div class=\"elementor-column elementor-col-50 elementor-top-column elementor-element elementor-element-3635dcf8\" data-id=\"3635dcf8\" data-element_type=\"column\">\n\t\t\t<div class=\"elementor-widget-wrap\">\n\t\t\t\t\t\t\t\t\t<\/div>\n\t\t<\/div>\n\t\t\t\t\t\t\t<\/div>\n\t\t<\/section>\n\t\t\t\t<section class=\"elementor-section elementor-top-section elementor-element elementor-element-fb61325 elementor-section-boxed elementor-section-height-default elementor-section-height-default\" data-id=\"fb61325\" data-element_type=\"section\">\n\t\t\t\t\t\t<div class=\"elementor-container elementor-column-gap-default\">\n\t\t\t\t\t<div class=\"elementor-column elementor-col-100 elementor-top-column elementor-element elementor-element-4d26f83\" data-id=\"4d26f83\" data-element_type=\"column\">\n\t\t\t<div class=\"elementor-widget-wrap elementor-element-populated\">\n\t\t\t\t\t\t\t\t<div class=\"elementor-element elementor-element-5870edd elementor-grid-3 elementor-grid-tablet-2 elementor-grid-mobile-1 elementor-posts--thumbnail-top elementor-card-shadow-yes elementor-posts__hover-gradient elementor-widget elementor-widget-posts\" data-id=\"5870edd\" data-element_type=\"widget\" data-settings=\"{&quot;pagination_type&quot;:&quot;numbers&quot;,&quot;cards_columns&quot;:&quot;3&quot;,&quot;cards_columns_tablet&quot;:&quot;2&quot;,&quot;cards_columns_mobile&quot;:&quot;1&quot;,&quot;cards_row_gap&quot;:{&quot;unit&quot;:&quot;px&quot;,&quot;size&quot;:35,&quot;sizes&quot;:[]},&quot;cards_row_gap_tablet&quot;:{&quot;unit&quot;:&quot;px&quot;,&quot;size&quot;:&quot;&quot;,&quot;sizes&quot;:[]},&quot;cards_row_gap_mobile&quot;:{&quot;unit&quot;:&quot;px&quot;,&quot;size&quot;:&quot;&quot;,&quot;sizes&quot;:[]}}\" data-widget_type=\"posts.cards\">\n\t\t\t\t<div class=\"elementor-widget-container\">\n\t\t\t<link rel=\"stylesheet\" href=\"https:\/\/fundacionmares.org\/fundacionmares\/wp-content\/plugins\/elementor-pro\/assets\/css\/widget-posts.min.css\">\t\t<div class=\"elementor-posts-container elementor-posts elementor-posts--skin-cards elementor-grid\">\n\t\t\t\t<article class=\"elementor-post elementor-grid-item post-564 post type-post status-publish format-standard has-post-thumbnail hentry category-actividades\">\n\t\t\t<div class=\"elementor-post__card\">\n\t\t\t\t<a class=\"elementor-post__thumbnail__link\" href=\"https:\/\/fundacionmares.org\/fundacionmares\/encuentro-con-beneficiarios-de-fundacion-mares-estudiantes-de-los-grados-10-y-11\/\" ><div class=\"elementor-post__thumbnail\"><img loading=\"lazy\" decoding=\"async\" width=\"300\" height=\"300\" src=\"https:\/\/fundacionmares.org\/fundacionmares\/wp-content\/uploads\/2023\/05\/WhatsApp-Image-2023-05-15-at-12.17.34-300x300.jpeg\" class=\"attachment-medium size-medium\" alt=\"\" srcset=\"https:\/\/fundacionmares.org\/fundacionmares\/wp-content\/uploads\/2023\/05\/WhatsApp-Image-2023-05-15-at-12.17.34-300x300.jpeg 300w, https:\/\/fundacionmares.org\/fundacionmares\/wp-content\/uploads\/2023\/05\/WhatsApp-Image-2023-05-15-at-12.17.34-1024x1024.jpeg 1024w, https:\/\/fundacionmares.org\/fundacionmares\/wp-content\/uploads\/2023\/05\/WhatsApp-Image-2023-05-15-at-12.17.34-150x150.jpeg 150w, https:\/\/fundacionmares.org\/fundacionmares\/wp-content\/uploads\/2023\/05\/WhatsApp-Image-2023-05-15-at-12.17.34-768x768.jpeg 768w, https:\/\/fundacionmares.org\/fundacionmares\/wp-content\/uploads\/2023\/05\/WhatsApp-Image-2023-05-15-at-12.17.34-600x600.jpeg 600w, https:\/\/fundacionmares.org\/fundacionmares\/wp-content\/uploads\/2023\/05\/WhatsApp-Image-2023-05-15-at-12.17.34-100x100.jpeg 100w, https:\/\/fundacionmares.org\/fundacionmares\/wp-content\/uploads\/2023\/05\/WhatsApp-Image-2023-05-15-at-12.17.34.jpeg 1080w\" sizes=\"auto, (max-width: 300px) 100vw, 300px\" \/><\/div><\/a>\n\t\t\t\t<div class=\"elementor-post__badge\">Actividades<\/div>\n\t\t\t\t<div class=\"elementor-post__text\">\n\t\t\t\t<h3 class=\"elementor-post__title\">\n\t\t\t<a href=\"https:\/\/fundacionmares.org\/fundacionmares\/encuentro-con-beneficiarios-de-fundacion-mares-estudiantes-de-los-grados-10-y-11\/\" >\n\t\t\t\tEncuentro con beneficiarios de Fundaci\u00f3n Mares, estudiantes de los grados 10\u00b0 y 11\u00b0\t\t\t<\/a>\n\t\t<\/h3>\n\t\t\t\t<div class=\"elementor-post__excerpt\">\n\t\t\t<p>El 14 de mayo del a\u00f1o en curso, nos reunimos con un grupo de beneficiarios, estudiantes de los grados 10\u00b0 y 11\u00b0 pr\u00f3ximos a finalizar<\/p>\n\t\t<\/div>\n\t\t\n\t\t<a class=\"elementor-post__read-more\" href=\"https:\/\/fundacionmares.org\/fundacionmares\/encuentro-con-beneficiarios-de-fundacion-mares-estudiantes-de-los-grados-10-y-11\/\" >\n\t\t\tVer m\u00e1s\u00bb\t\t<\/a>\n\n\t\t\t\t<\/div>\n\t\t\t\t<div class=\"elementor-post__meta-data\">\n\t\t\t\t\t<span class=\"elementor-post-date\">\n\t\t\tmayo 15, 2023\t\t<\/span>\n\t\t\t\t<span class=\"elementor-post-avatar\">\n\t\t\tNo hay comentarios\t\t<\/span>\n\t\t\t\t<\/div>\n\t\t\t\t\t<\/div>\n\t\t<\/article>\n\t\t\t\t<article class=\"elementor-post elementor-grid-item post-540 post type-post status-publish format-standard has-post-thumbnail hentry category-noticias-fundacion\">\n\t\t\t<div class=\"elementor-post__card\">\n\t\t\t\t<a class=\"elementor-post__thumbnail__link\" href=\"https:\/\/fundacionmares.org\/fundacionmares\/motorizacion-de-la-pesca-de-jaiba-buenaventura-valle-del-cauca\/\" ><div class=\"elementor-post__thumbnail\"><img loading=\"lazy\" decoding=\"async\" width=\"300\" height=\"300\" src=\"https:\/\/fundacionmares.org\/fundacionmares\/wp-content\/uploads\/2023\/05\/1-300x300.png\" class=\"attachment-medium size-medium\" alt=\"\" srcset=\"https:\/\/fundacionmares.org\/fundacionmares\/wp-content\/uploads\/2023\/05\/1-300x300.png 300w, https:\/\/fundacionmares.org\/fundacionmares\/wp-content\/uploads\/2023\/05\/1-1024x1024.png 1024w, https:\/\/fundacionmares.org\/fundacionmares\/wp-content\/uploads\/2023\/05\/1-150x150.png 150w, https:\/\/fundacionmares.org\/fundacionmares\/wp-content\/uploads\/2023\/05\/1-768x768.png 768w, https:\/\/fundacionmares.org\/fundacionmares\/wp-content\/uploads\/2023\/05\/1-600x600.png 600w, https:\/\/fundacionmares.org\/fundacionmares\/wp-content\/uploads\/2023\/05\/1-100x100.png 100w, https:\/\/fundacionmares.org\/fundacionmares\/wp-content\/uploads\/2023\/05\/1.png 1080w\" sizes=\"auto, (max-width: 300px) 100vw, 300px\" \/><\/div><\/a>\n\t\t\t\t<div class=\"elementor-post__badge\">Noticias fundacion<\/div>\n\t\t\t\t<div class=\"elementor-post__text\">\n\t\t\t\t<h3 class=\"elementor-post__title\">\n\t\t\t<a href=\"https:\/\/fundacionmares.org\/fundacionmares\/motorizacion-de-la-pesca-de-jaiba-buenaventura-valle-del-cauca\/\" >\n\t\t\t\t&#8220;Motorizaci\u00f3n de la pesca de Jaiba&#8221;   Buenaventura, Valle del Cauca.\t\t\t<\/a>\n\t\t<\/h3>\n\t\t\t\t<div class=\"elementor-post__excerpt\">\n\t\t\t<p>Fundaci\u00f3n Mares, en sus esfuerzos por contribuir en la mejora de la calidad de vida de los vinculados al proceso de consecuci\u00f3n y producci\u00f3n de<\/p>\n\t\t<\/div>\n\t\t\n\t\t<a class=\"elementor-post__read-more\" href=\"https:\/\/fundacionmares.org\/fundacionmares\/motorizacion-de-la-pesca-de-jaiba-buenaventura-valle-del-cauca\/\" >\n\t\t\tVer m\u00e1s\u00bb\t\t<\/a>\n\n\t\t\t\t<\/div>\n\t\t\t\t<div class=\"elementor-post__meta-data\">\n\t\t\t\t\t<span class=\"elementor-post-date\">\n\t\t\tmayo 11, 2023\t\t<\/span>\n\t\t\t\t<span class=\"elementor-post-avatar\">\n\t\t\tNo hay comentarios\t\t<\/span>\n\t\t\t\t<\/div>\n\t\t\t\t\t<\/div>\n\t\t<\/article>\n\t\t\t\t<article class=\"elementor-post elementor-grid-item post-535 post type-post status-publish format-standard has-post-thumbnail hentry category-noticias-fundacion\">\n\t\t\t<div class=\"elementor-post__card\">\n\t\t\t\t<a class=\"elementor-post__thumbnail__link\" href=\"https:\/\/fundacionmares.org\/fundacionmares\/caracterizacion-de-beneficiarios-de-fundacion-mares-hijos-de-operarios-procesadores-del-recurso-jaiba-de-la-cienaga-grande-de-santa-marta\/\" ><div class=\"elementor-post__thumbnail\"><img loading=\"lazy\" decoding=\"async\" width=\"300\" height=\"200\" src=\"https:\/\/fundacionmares.org\/fundacionmares\/wp-content\/uploads\/2023\/05\/WhatsApp-Image-2023-05-11-at-10.14.04-300x200.jpeg\" class=\"attachment-medium size-medium\" alt=\"\" srcset=\"https:\/\/fundacionmares.org\/fundacionmares\/wp-content\/uploads\/2023\/05\/WhatsApp-Image-2023-05-11-at-10.14.04-300x200.jpeg 300w, https:\/\/fundacionmares.org\/fundacionmares\/wp-content\/uploads\/2023\/05\/WhatsApp-Image-2023-05-11-at-10.14.04-1024x682.jpeg 1024w, https:\/\/fundacionmares.org\/fundacionmares\/wp-content\/uploads\/2023\/05\/WhatsApp-Image-2023-05-11-at-10.14.04-768x512.jpeg 768w, https:\/\/fundacionmares.org\/fundacionmares\/wp-content\/uploads\/2023\/05\/WhatsApp-Image-2023-05-11-at-10.14.04-1536x1023.jpeg 1536w, https:\/\/fundacionmares.org\/fundacionmares\/wp-content\/uploads\/2023\/05\/WhatsApp-Image-2023-05-11-at-10.14.04-600x400.jpeg 600w, https:\/\/fundacionmares.org\/fundacionmares\/wp-content\/uploads\/2023\/05\/WhatsApp-Image-2023-05-11-at-10.14.04.jpeg 1600w\" sizes=\"auto, (max-width: 300px) 100vw, 300px\" \/><\/div><\/a>\n\t\t\t\t<div class=\"elementor-post__badge\">Noticias fundacion<\/div>\n\t\t\t\t<div class=\"elementor-post__text\">\n\t\t\t\t<h3 class=\"elementor-post__title\">\n\t\t\t<a href=\"https:\/\/fundacionmares.org\/fundacionmares\/caracterizacion-de-beneficiarios-de-fundacion-mares-hijos-de-operarios-procesadores-del-recurso-jaiba-de-la-cienaga-grande-de-santa-marta\/\" >\n\t\t\t\tCaracterizaci\u00f3n de beneficiarios de Fundaci\u00f3n Mares, hijos de operarios procesadores del recurso Jaiba, de la Ci\u00e9naga Grande de Santa Marta.\t\t\t<\/a>\n\t\t<\/h3>\n\t\t\t\t<div class=\"elementor-post__excerpt\">\n\t\t\t<p>Durante todo el mes de abril, y con el objetivo de enfocar nuestros esfuerzos, estuvimos realizando el proceso de inscripci\u00f3n de beneficiarios, hijos de operarios<\/p>\n\t\t<\/div>\n\t\t\n\t\t<a class=\"elementor-post__read-more\" href=\"https:\/\/fundacionmares.org\/fundacionmares\/caracterizacion-de-beneficiarios-de-fundacion-mares-hijos-de-operarios-procesadores-del-recurso-jaiba-de-la-cienaga-grande-de-santa-marta\/\" >\n\t\t\tVer m\u00e1s\u00bb\t\t<\/a>\n\n\t\t\t\t<\/div>\n\t\t\t\t<div class=\"elementor-post__meta-data\">\n\t\t\t\t\t<span class=\"elementor-post-date\">\n\t\t\tmayo 11, 2023\t\t<\/span>\n\t\t\t\t<span class=\"elementor-post-avatar\">\n\t\t\tNo hay comentarios\t\t<\/span>\n\t\t\t\t<\/div>\n\t\t\t\t\t<\/div>\n\t\t<\/article>\n\t\t\t\t<article class=\"elementor-post elementor-grid-item post-531 post type-post status-publish format-standard has-post-thumbnail hentry category-actividades\">\n\t\t\t<div class=\"elementor-post__card\">\n\t\t\t\t<a class=\"elementor-post__thumbnail__link\" href=\"https:\/\/fundacionmares.org\/fundacionmares\/capacitacion-desvare-nautico-buenaventura-valle-del-cauca\/\" ><div class=\"elementor-post__thumbnail\"><img loading=\"lazy\" decoding=\"async\" width=\"300\" height=\"300\" src=\"https:\/\/fundacionmares.org\/fundacionmares\/wp-content\/uploads\/2023\/05\/WhatsApp-Image-2023-05-11-at-09.11.45-300x300.jpeg\" class=\"attachment-medium size-medium\" alt=\"\" srcset=\"https:\/\/fundacionmares.org\/fundacionmares\/wp-content\/uploads\/2023\/05\/WhatsApp-Image-2023-05-11-at-09.11.45-300x300.jpeg 300w, https:\/\/fundacionmares.org\/fundacionmares\/wp-content\/uploads\/2023\/05\/WhatsApp-Image-2023-05-11-at-09.11.45-1024x1024.jpeg 1024w, https:\/\/fundacionmares.org\/fundacionmares\/wp-content\/uploads\/2023\/05\/WhatsApp-Image-2023-05-11-at-09.11.45-150x150.jpeg 150w, https:\/\/fundacionmares.org\/fundacionmares\/wp-content\/uploads\/2023\/05\/WhatsApp-Image-2023-05-11-at-09.11.45-768x768.jpeg 768w, https:\/\/fundacionmares.org\/fundacionmares\/wp-content\/uploads\/2023\/05\/WhatsApp-Image-2023-05-11-at-09.11.45-600x600.jpeg 600w, https:\/\/fundacionmares.org\/fundacionmares\/wp-content\/uploads\/2023\/05\/WhatsApp-Image-2023-05-11-at-09.11.45-100x100.jpeg 100w, https:\/\/fundacionmares.org\/fundacionmares\/wp-content\/uploads\/2023\/05\/WhatsApp-Image-2023-05-11-at-09.11.45.jpeg 1080w\" sizes=\"auto, (max-width: 300px) 100vw, 300px\" \/><\/div><\/a>\n\t\t\t\t<div class=\"elementor-post__badge\">Actividades<\/div>\n\t\t\t\t<div class=\"elementor-post__text\">\n\t\t\t\t<h3 class=\"elementor-post__title\">\n\t\t\t<a href=\"https:\/\/fundacionmares.org\/fundacionmares\/capacitacion-desvare-nautico-buenaventura-valle-del-cauca\/\" >\n\t\t\t\tCapacitaci\u00f3n &#8220;Desvare Na\u00fatico&#8221;, Buenaventura, Valle Del Cauca.\t\t\t<\/a>\n\t\t<\/h3>\n\t\t\t\t<div class=\"elementor-post__excerpt\">\n\t\t\t<p>Gracias a la alianza estrat\u00e9gica entre Fundaci\u00f3n Mares y Surtiminas S.A.S., en beneficio de los pescadores artesanales, se llev\u00f3 a cabo el 14 de abril<\/p>\n\t\t<\/div>\n\t\t\n\t\t<a class=\"elementor-post__read-more\" href=\"https:\/\/fundacionmares.org\/fundacionmares\/capacitacion-desvare-nautico-buenaventura-valle-del-cauca\/\" >\n\t\t\tVer m\u00e1s\u00bb\t\t<\/a>\n\n\t\t\t\t<\/div>\n\t\t\t\t<div class=\"elementor-post__meta-data\">\n\t\t\t\t\t<span class=\"elementor-post-date\">\n\t\t\tmayo 11, 2023\t\t<\/span>\n\t\t\t\t<span class=\"elementor-post-avatar\">\n\t\t\tNo hay comentarios\t\t<\/span>\n\t\t\t\t<\/div>\n\t\t\t\t\t<\/div>\n\t\t<\/article>\n\t\t\t\t<article class=\"elementor-post elementor-grid-item post-527 post type-post status-publish format-standard has-post-thumbnail hentry category-noticias-fundacion\">\n\t\t\t<div class=\"elementor-post__card\">\n\t\t\t\t<a class=\"elementor-post__thumbnail__link\" href=\"https:\/\/fundacionmares.org\/fundacionmares\/rifa-de-los-motores-fb-neptune-t2-cbms-gris-en-alianza-con-la-empresa-bahia-mares-del-pacifico\/\" ><div class=\"elementor-post__thumbnail\"><img loading=\"lazy\" decoding=\"async\" width=\"300\" height=\"300\" src=\"https:\/\/fundacionmares.org\/fundacionmares\/wp-content\/uploads\/2023\/05\/WhatsApp-Image-2023-05-10-at-16.16.00-1-300x300.jpeg\" class=\"attachment-medium size-medium\" alt=\"\" srcset=\"https:\/\/fundacionmares.org\/fundacionmares\/wp-content\/uploads\/2023\/05\/WhatsApp-Image-2023-05-10-at-16.16.00-1-300x300.jpeg 300w, https:\/\/fundacionmares.org\/fundacionmares\/wp-content\/uploads\/2023\/05\/WhatsApp-Image-2023-05-10-at-16.16.00-1-1024x1024.jpeg 1024w, https:\/\/fundacionmares.org\/fundacionmares\/wp-content\/uploads\/2023\/05\/WhatsApp-Image-2023-05-10-at-16.16.00-1-150x150.jpeg 150w, https:\/\/fundacionmares.org\/fundacionmares\/wp-content\/uploads\/2023\/05\/WhatsApp-Image-2023-05-10-at-16.16.00-1-768x768.jpeg 768w, https:\/\/fundacionmares.org\/fundacionmares\/wp-content\/uploads\/2023\/05\/WhatsApp-Image-2023-05-10-at-16.16.00-1-600x600.jpeg 600w, https:\/\/fundacionmares.org\/fundacionmares\/wp-content\/uploads\/2023\/05\/WhatsApp-Image-2023-05-10-at-16.16.00-1-100x100.jpeg 100w, https:\/\/fundacionmares.org\/fundacionmares\/wp-content\/uploads\/2023\/05\/WhatsApp-Image-2023-05-10-at-16.16.00-1.jpeg 1080w\" sizes=\"auto, (max-width: 300px) 100vw, 300px\" \/><\/div><\/a>\n\t\t\t\t<div class=\"elementor-post__badge\">Noticias fundacion<\/div>\n\t\t\t\t<div class=\"elementor-post__text\">\n\t\t\t\t<h3 class=\"elementor-post__title\">\n\t\t\t<a href=\"https:\/\/fundacionmares.org\/fundacionmares\/rifa-de-los-motores-fb-neptune-t2-cbms-gris-en-alianza-con-la-empresa-bahia-mares-del-pacifico\/\" >\n\t\t\t\tRifa de los motores FB NEPTUNE T2 CBMS &#8211; Gris, en alianza con la empresa Bah\u00eda Mares Del Pac\u00edfico.\t\t\t<\/a>\n\t\t<\/h3>\n\t\t\t\t<div class=\"elementor-post__excerpt\">\n\t\t\t<p>Durante los meses de febrero y marzo, con base en la compra de materia prima de Bah\u00eda Mares del Pac\u00edfico, realizamos el sorteo de dos<\/p>\n\t\t<\/div>\n\t\t\n\t\t<a class=\"elementor-post__read-more\" href=\"https:\/\/fundacionmares.org\/fundacionmares\/rifa-de-los-motores-fb-neptune-t2-cbms-gris-en-alianza-con-la-empresa-bahia-mares-del-pacifico\/\" >\n\t\t\tVer m\u00e1s\u00bb\t\t<\/a>\n\n\t\t\t\t<\/div>\n\t\t\t\t<div class=\"elementor-post__meta-data\">\n\t\t\t\t\t<span class=\"elementor-post-date\">\n\t\t\tmayo 11, 2023\t\t<\/span>\n\t\t\t\t<span class=\"elementor-post-avatar\">\n\t\t\tNo hay comentarios\t\t<\/span>\n\t\t\t\t<\/div>\n\t\t\t\t\t<\/div>\n\t\t<\/article>\n\t\t\t\t<article class=\"elementor-post elementor-grid-item post-523 post type-post status-publish format-standard has-post-thumbnail hentry category-actividades\">\n\t\t\t<div class=\"elementor-post__card\">\n\t\t\t\t<a class=\"elementor-post__thumbnail__link\" href=\"https:\/\/fundacionmares.org\/fundacionmares\/finaliza-la-entrega-de-kits-escolares-a-los-pescadores-artesanales-de-la-cienaga-grande-de-santa-marta\/\" ><div class=\"elementor-post__thumbnail\"><img loading=\"lazy\" decoding=\"async\" width=\"300\" height=\"225\" src=\"https:\/\/fundacionmares.org\/fundacionmares\/wp-content\/uploads\/2023\/05\/WhatsApp-Image-2023-05-10-at-15.47.27-300x225.jpeg\" class=\"attachment-medium size-medium\" alt=\"\" srcset=\"https:\/\/fundacionmares.org\/fundacionmares\/wp-content\/uploads\/2023\/05\/WhatsApp-Image-2023-05-10-at-15.47.27-300x225.jpeg 300w, https:\/\/fundacionmares.org\/fundacionmares\/wp-content\/uploads\/2023\/05\/WhatsApp-Image-2023-05-10-at-15.47.27-1024x768.jpeg 1024w, https:\/\/fundacionmares.org\/fundacionmares\/wp-content\/uploads\/2023\/05\/WhatsApp-Image-2023-05-10-at-15.47.27-768x576.jpeg 768w, https:\/\/fundacionmares.org\/fundacionmares\/wp-content\/uploads\/2023\/05\/WhatsApp-Image-2023-05-10-at-15.47.27-1536x1152.jpeg 1536w, https:\/\/fundacionmares.org\/fundacionmares\/wp-content\/uploads\/2023\/05\/WhatsApp-Image-2023-05-10-at-15.47.27-600x450.jpeg 600w, https:\/\/fundacionmares.org\/fundacionmares\/wp-content\/uploads\/2023\/05\/WhatsApp-Image-2023-05-10-at-15.47.27.jpeg 1600w\" sizes=\"auto, (max-width: 300px) 100vw, 300px\" \/><\/div><\/a>\n\t\t\t\t<div class=\"elementor-post__badge\">Actividades<\/div>\n\t\t\t\t<div class=\"elementor-post__text\">\n\t\t\t\t<h3 class=\"elementor-post__title\">\n\t\t\t<a href=\"https:\/\/fundacionmares.org\/fundacionmares\/finaliza-la-entrega-de-kits-escolares-a-los-pescadores-artesanales-de-la-cienaga-grande-de-santa-marta\/\" >\n\t\t\t\tFinaliza la entrega de kits escolares a los pescadores artesanales de la Ci\u00e9naga Grande de Santa Marta.\t\t\t<\/a>\n\t\t<\/h3>\n\t\t\t\t<div class=\"elementor-post__excerpt\">\n\t\t\t<p>Luego de un amplio recorrido por la Ci\u00e9naga Grande de Santa Marta, donde hicimos cinco paradas &#8220;obligatorias&#8221;, podemos decir que hemos cumplido con nuestros pescadores<\/p>\n\t\t<\/div>\n\t\t\n\t\t<a class=\"elementor-post__read-more\" href=\"https:\/\/fundacionmares.org\/fundacionmares\/finaliza-la-entrega-de-kits-escolares-a-los-pescadores-artesanales-de-la-cienaga-grande-de-santa-marta\/\" >\n\t\t\tVer m\u00e1s\u00bb\t\t<\/a>\n\n\t\t\t\t<\/div>\n\t\t\t\t<div class=\"elementor-post__meta-data\">\n\t\t\t\t\t<span class=\"elementor-post-date\">\n\t\t\tmayo 11, 2023\t\t<\/span>\n\t\t\t\t<span class=\"elementor-post-avatar\">\n\t\t\tNo hay comentarios\t\t<\/span>\n\t\t\t\t<\/div>\n\t\t\t\t\t<\/div>\n\t\t<\/article>\n\t\t\t\t<\/div>\n\n\n\t\t\n\t\t\t\t<div class=\"e-load-more-anchor\" data-page=\"1\" data-max-page=\"2\" data-next-page=\"https:\/\/fundacionmares.org\/fundacionmares\/wp-json\/wp\/v2\/pages\/271\/page\/2\/\"><\/div>\n\t\t\t\t<nav class=\"elementor-pagination\" role=\"navigation\" aria-label=\"Pagination\">\n\t\t\t<span aria-current=\"page\" class=\"page-numbers current\"><span class=\"elementor-screen-only\">Page<\/span>1<\/span>\n<a class=\"page-numbers\" href=\"https:\/\/fundacionmares.org\/fundacionmares\/wp-json\/wp\/v2\/pages\/271\/page\/2\/\"><span class=\"elementor-screen-only\">Page<\/span>2<\/a>\t\t<\/nav>\n\t\t\t\t<\/div>\n\t\t\t\t<\/div>\n\t\t\t\t\t<\/div>\n\t\t<\/div>\n\t\t\t\t\t\t\t<\/div>\n\t\t<\/section>\n\t\t\t\t\t\t\t<\/div>\n\t\t","protected":false},"excerpt":{"rendered":"<p>\u00daltimas noticias, est\u00e1 siempre al d\u00eda con lo que sucede.<\/p>\n","protected":false},"author":1,"featured_media":0,"parent":0,"menu_order":0,"comment_status":"closed","ping_status":"closed","template":"elementor_header_footer","meta":{"footnotes":""},"class_list":["post-271","page","type-page","status-publish","hentry"],"_links":{"self":[{"href":"https:\/\/fundacionmares.org\/fundacionmares\/wp-json\/wp\/v2\/pages\/271","targetHints":{"allow":["GET"]}}],"collection":[{"href":"https:\/\/fundacionmares.org\/fundacionmares\/wp-json\/wp\/v2\/pages"}],"about":[{"href":"https:\/\/fundacionmares.org\/fundacionmares\/wp-json\/wp\/v2\/types\/page"}],"author":[{"embeddable":true,"href":"https:\/\/fundacionmares.org\/fundacionmares\/wp-json\/wp\/v2\/users\/1"}],"replies":[{"embeddable":true,"href":"https:\/\/fundacionmares.org\/fundacionmares\/wp-json\/wp\/v2\/comments?post=271"}],"version-history":[{"count":5,"href":"https:\/\/fundacionmares.org\/fundacionmares\/wp-json\/wp\/v2\/pages\/271\/revisions"}],"predecessor-version":[{"id":560,"href":"https:\/\/fundacionmares.org\/fundacionmares\/wp-json\/wp\/v2\/pages\/271\/revisions\/560"}],"wp:attachment":[{"href":"https:\/\/fundacionmares.org\/fundacionmares\/wp-json\/wp\/v2\/media?parent=271"}],"curies":[{"name":"wp","href":"https:\/\/api.w.org\/{rel}","templated":true}]}}